{"id":714,"date":"2023-01-20T11:04:46","date_gmt":"2023-01-20T10:04:46","guid":{"rendered":"https:\/\/nikolakosic.com\/?page_id=714"},"modified":"2023-09-17T21:59:12","modified_gmt":"2023-09-17T20:59:12","slug":"kosiatelje","status":"publish","type":"page","link":"https:\/\/nikolakosic.com\/?page_id=714","title":{"rendered":"Kosiatelje \/"},"content":{"rendered":"\n<p>Majstorska radionica crtanja i slikanja koja se nalazi u centru Beograda, u blizini Botani\u010dke ba\u0161te. Atelje postoji od 2019. godine.<\/p>\n\n\n\n<p><strong>Hobi grupa<\/strong><\/p>\n\n\n\n<p>Mesto gde je svako ko \u017eeli da se bavi slikanjem ili crtanjem dobrodo\u0161ao. Osvajamo veliko polje likovne umetnosti tehniku po tehniku fokusiraju\u0107i se na individualne preference svakog polaznika. Sav materijal je obezbe\u0111en, na tebi je samo da do\u0111e\u0161 i ohrabri\u0161 se da uzme\u0161 \u010detkicu i ugljen u ruke. Atelje je otvoren za hobi grupu u \u010detiri termina nedeljno: Ponedeljkom, utorkom i \u010detvrtkom od 18-21 \u010dasova i sredom od 11 do 14h. Mese\u010dna cena je 70e.<\/p>\n\n\n\n<p><strong>Radionice<\/strong><\/p>\n\n\n\n<p>De\u0161avaju se vikendom i najavljuju se najmanje nedelju dana unapred. Do sada smo u ateljeu u\u010dili razne grafi\u010dke tehnike, pravili smo izlete i slikali prirodu. Obavezno je samo poneti dobro raspolo\u017eenje i \u017eelju za u\u010denjem ne\u010deg novog. <\/p>\n\n\n\n<p><strong>Team building<\/strong><\/p>\n\n\n\n<p>Nudimo usluge dr\u017eanja radionica slikanja, grafike ili drugih likovno umetni\u010dkih aktivnosti organizovanim grupama u na\u0161em ateljeu ili u nekom drugom prostoru. Rad sa grupama od desetak ljudi.<\/p>\n\n\n\n<p><\/p>\n\n\n\n<p>Za sve najnovije informacije zapratite nas na instagramu:<\/p>\n\n\n\n<p><a href=\"https:\/\/www.instagram.com\/KosiAtelje\/\">https:\/\/www.instagram.com\/KosiAtelje\/<\/a><\/p>\n","protected":false},"excerpt":{"rendered":"<p>Majstorska radionica crtanja i slikanja koja se nalazi u centru Beograda, u blizini Botani\u010dke ba\u0161te. Atelje postoji od 2019. godine. Hobi grupa Mesto gde je svako ko \u017eeli da se bavi slikanjem ili crtanjem dobrodo\u0161ao. Osvajamo veliko polje likovne umetnosti tehniku po tehniku fokusiraju\u0107i se na individualne preference svakog polaznika. Sav materijal je obezbe\u0111en, na tebi je samo da do\u0111e\u0161 i ohrabri\u0161 se da uzme\u0161 \u010detkicu i ugljen u ruke. Atelje je otvoren za hobi grupu u \u010detiri termina nedeljno: Ponedeljkom, utorkom i \u010detvrtkom od 18-21 \u010dasova i sredom od 11 do 14h. Mese\u010dna cena je 70e. Radionice De\u0161avaju se vikendom i najavljuju se najmanje nedelju dana unapred. Do sada smo u ateljeu u\u010dili razne grafi\u010dke tehnike, pravili smo izlete i slikali prirodu. Obavezno je samo poneti dobro raspolo\u017eenje i \u017eelju za u\u010denjem ne\u010deg novog. Team building Nudimo usluge dr\u017eanja radionica slikanja, grafike ili drugih likovno umetni\u010dkih aktivnosti organizovanim grupama u na\u0161em ateljeu ili u nekom drugom prostoru. Rad sa grupama od desetak ljudi. Za sve najnovije informacije zapratite nas na instagramu: https:\/\/www.instagram.com\/KosiAtelje\/<\/p>\n","protected":false},"author":1,"featured_media":0,"parent":0,"menu_order":6,"comment_status":"closed","ping_status":"closed","template":"","meta":{"spay_email":""},"jetpack_sharing_enabled":true,"jetpack_shortlink":"https:\/\/wp.me\/P9t1kB-bw","_links":{"self":[{"href":"https:\/\/nikolakosic.com\/index.php?rest_route=\/wp\/v2\/pages\/714"}],"collection":[{"href":"https:\/\/nikolakosic.com\/index.php?rest_route=\/wp\/v2\/pages"}],"about":[{"href":"https:\/\/nikolakosic.com\/index.php?rest_route=\/wp\/v2\/types\/page"}],"author":[{"embeddable":true,"href":"https:\/\/nikolakosic.com\/index.php?rest_route=\/wp\/v2\/users\/1"}],"replies":[{"embeddable":true,"href":"https:\/\/nikolakosic.com\/index.php?rest_route=%2Fwp%2Fv2%2Fcomments&post=714"}],"version-history":[{"count":3,"href":"https:\/\/nikolakosic.com\/index.php?rest_route=\/wp\/v2\/pages\/714\/revisions"}],"predecessor-version":[{"id":732,"href":"https:\/\/nikolakosic.com\/index.php?rest_route=\/wp\/v2\/pages\/714\/revisions\/732"}],"wp:attachment":[{"href":"https:\/\/nikolakosic.com\/index.php?rest_route=%2Fwp%2Fv2%2Fmedia&parent=714"}],"curies":[{"name":"wp","href":"https:\/\/api.w.org\/{rel}","templated":true}]}}