{"id":510,"date":"2017-06-12T15:07:25","date_gmt":"2017-06-12T15:07:25","guid":{"rendered":"http:\/\/nikolakosic.com\/?page_id=510"},"modified":"2023-09-17T22:13:14","modified_gmt":"2023-09-17T21:13:14","slug":"biografija-biography","status":"publish","type":"page","link":"https:\/\/nikolakosic.com\/?page_id=510","title":{"rendered":"Biografija \/ Biography"},"content":{"rendered":"<p><strong>Nikola Kosi\u0107 <\/strong><br \/>Ro\u0111en 1993. u Beogradu \/ Born 1993. in Belgrade<\/p>\n<p><strong>Obrazovanje \/ Education:<\/strong><br \/>Faculty of Applied Arts, Belgrade \u2013 Slikarstvo \/ Painting<br \/>University of the Applied Arts, Vienna \u2013 Slikarstvo \/ Painting<\/p>\n<p><strong>Samostalne izlo\u017ebe \/ Solo exhibitions<\/strong><\/p>\n<p>-&#8220;Posetioci&#8221; <strong>2021.<\/strong> Muzej u Smederevu, Smederevo.<\/p>\n<p>-\u201dFragmenti\u201d <strong>2019.<\/strong> Mali likovni salon, Novi Sad.<\/p>\n<p>-\u201cPlastika Plastika\u201d <strong>2018.<\/strong> Dom kulture studentski grad, Beograd.<\/p>\n<p>-&#8220;Putokazi&#8221; ,Kvaka 22, Beograd, <strong>2016.<\/strong><\/p>\n<p><strong><br \/>Grupne izlo\u017ebe \/ Group exhibitions:<\/strong><\/p>\n<p><strong>2023<\/strong><\/p>\n<p>10-th &#8220;Medvedi u \u010dast prole\u0107u&#8221; exhibition, UK Parobrod, Beograd<\/p>\n<p><strong>2022<\/strong><\/p>\n<p>16-th international miniature bienalle, Gornji Milanovac<\/p>\n<p><strong>2019<\/strong><\/p>\n<p>29-th Istanbul Art Fair, Istanbul<br \/>\u201cSve\u017eina\u201d Kulturforum, Ku\u0107a \u0110ure Jak\u0161i\u0107a, Belgrade<br \/><strong>2018<\/strong><br \/>\u201cPaleta mladih\u201d Vrbas<br \/>14-th international miniature bienalle, Gornji Milanovac<br \/><strong>2017<\/strong><br \/>NI\u0160 ART Foundation , \u201cMladost\u201d Ni\u0161, Belgrade<br \/><strong>2016<\/strong><br \/>NI\u0160 ART Foundation , &#8220;Mladost&#8221; Ni\u0161, Belgrade<br \/>13-th international miniature bienalle, Gornji Milanovac<br \/>&#8220;Junski rok&#8221;, Ustanova kulture Vuk, Belgrade<br \/>&#8220;Klasa 52&#8221;, Kvaka 22, Belgrade<br \/>&#8220;FESTUM&#8221; SKC Belgrade<br \/><strong>2015<\/strong><br \/>&#8220;16x&#8221;, Vienna, Austria<br \/><strong>2014<\/strong><br \/>&#8220;Portret&#8221; Kalemegdan fortress, Belgrade<br \/>&#8220;Festum&#8221; student drawings, SKC, Belgrade<br \/>&#8221; Bijenale studenstke grafike&#8221;, SKC, Belgrade<br \/><strong>2013<\/strong><br \/>&#8221; Ex YU konkurs za grafiku&#8221;<br \/>&#8220;Bijenale suve igle&#8221;, U\u017eice<br \/><strong>2011<\/strong><br \/>&#8220;Sport, nauka, umetnost&#8221; poster design<br \/>Festival &#8220;SVURF&#8221; poster design<br \/><strong>2010<\/strong><br \/>&#8220;Festival &#8220;SVURF&#8221; poster design<br \/><strong><br \/><\/strong><\/p>\n<p><strong>\u017diriranje\/Jury:<\/strong><\/p>\n<p>Deo tro\u010dlanog stru\u010dnog \u017eirija na manifestaciji &#8220;Portret godine&#8221; u \u010ca\u010dku 2021. \/ Was a juror at the first iteration of &#8220;Portret godine&#8221; manifestation at \u010ca\u010dak in 2021.<\/p>\n<p><strong>Nagrade\/Awards:<\/strong><\/p>\n<p>Nagrada za crte\u017e\/ Award for the best drawing &#8220;Miodrag Vuja\u010di\u0107 Mirski&#8221; 2014.<br \/>Nagrada za re\u0161enje plakata\/ Award for the best poster design &#8220;Sport, nauka, umetnost&#8221; 2011.<br \/>Nagrada za re\u0161enje plakata\/ Award for the best poster design &#8220;SVURF&#8221; 2011. , 2010.<\/p>\n<p><strong>Ostale aktivnosti \/ Other activities:<\/strong><\/p>\n<p>&#8211; Mu\u017e, tata jednom de\u010daku, entuzijasta za ve\u017ebanje, nesu\u0111eni botani\u010dar \/ Husband, dad, training enthusiast, botanist in training<\/p>\n<p>-Dr\u017ei pripreme za umetni\u010dke fakultete i srednje \u0161kole, kao i \u0161kolu hobi slikarstvu u @kosiatelje \/ He teaches drawing and painting in his studio @kosiatelje<\/p>\n<p>-Bio je \u010dlan umetni\u010dkog udru\u017eenja Kvaka 22, koje se bavi stvaranjem i promocijom kulture u Beogradu, Srbiji. \/Ex member of the art group &#8220;Kvaka 22&#8221; \/ &#8220;Catch 22&#8221;, which deals with promoting as well as creating art, and cultural activities in Belgrade, Serbia.<\/p>\n\n\n<figure class=\"wp-block-image size-full is-resized\"><a href=\"https:\/\/nikolakosic.com\/wp-content\/uploads\/2023\/09\/photo_2023-09-17_23-09-13.jpg\"><img decoding=\"async\" loading=\"lazy\" src=\"https:\/\/nikolakosic.com\/wp-content\/uploads\/2023\/09\/photo_2023-09-17_23-09-13.jpg\" alt=\"\" class=\"wp-image-735\" width=\"287\" height=\"409\" srcset=\"https:\/\/nikolakosic.com\/wp-content\/uploads\/2023\/09\/photo_2023-09-17_23-09-13.jpg 898w, https:\/\/nikolakosic.com\/wp-content\/uploads\/2023\/09\/photo_2023-09-17_23-09-13-744x1060.jpg 744w, https:\/\/nikolakosic.com\/wp-content\/uploads\/2023\/09\/photo_2023-09-17_23-09-13-420x599.jpg 420w, https:\/\/nikolakosic.com\/wp-content\/uploads\/2023\/09\/photo_2023-09-17_23-09-13-768x1095.jpg 768w, https:\/\/nikolakosic.com\/wp-content\/uploads\/2023\/09\/photo_2023-09-17_23-09-13-600x855.jpg 600w, https:\/\/nikolakosic.com\/wp-content\/uploads\/2023\/09\/photo_2023-09-17_23-09-13-421x600.jpg 421w, https:\/\/nikolakosic.com\/wp-content\/uploads\/2023\/09\/photo_2023-09-17_23-09-13-590x841.jpg 590w\" sizes=\"(max-width: 287px) 100vw, 287px\" \/><\/a><\/figure>\n","protected":false},"excerpt":{"rendered":"<p>Nikola Kosi\u0107 Ro\u0111en 1993. u Beogradu \/ Born 1993. in Belgrade Obrazovanje \/ Education:Faculty of Applied Arts, Belgrade \u2013 Slikarstvo \/ PaintingUniversity of the Applied Arts, Vienna \u2013 Slikarstvo \/ Painting Samostalne izlo\u017ebe \/ Solo exhibitions -&#8220;Posetioci&#8221; 2021. Muzej u Smederevu, Smederevo. -\u201dFragmenti\u201d 2019. Mali likovni salon, Novi Sad. -\u201cPlastika Plastika\u201d 2018. Dom kulture studentski grad, Beograd. -&#8220;Putokazi&#8221; ,Kvaka 22, Beograd, 2016. Grupne izlo\u017ebe \/ Group exhibitions: 2023 10-th &#8220;Medvedi u \u010dast prole\u0107u&#8221; exhibition, UK Parobrod, Beograd 2022 16-th international miniature bienalle, Gornji Milanovac 2019 29-th Istanbul Art Fair, Istanbul\u201cSve\u017eina\u201d Kulturforum, Ku\u0107a \u0110ure Jak\u0161i\u0107a, Belgrade2018\u201cPaleta mladih\u201d Vrbas14-th international miniature bienalle, Gornji Milanovac2017NI\u0160 ART Foundation , \u201cMladost\u201d Ni\u0161, Belgrade2016NI\u0160 ART Foundation , &#8220;Mladost&#8221; Ni\u0161, Belgrade13-th international miniature bienalle, Gornji Milanovac&#8220;Junski rok&#8221;, Ustanova kulture Vuk, Belgrade&#8220;Klasa 52&#8221;, Kvaka 22, Belgrade&#8220;FESTUM&#8221; SKC Belgrade2015&#8220;16x&#8221;, Vienna, Austria2014&#8220;Portret&#8221; Kalemegdan fortress, Belgrade&#8220;Festum&#8221; student drawings, SKC, Belgrade&#8221; Bijenale studenstke grafike&#8221;, SKC, Belgrade2013&#8221; Ex YU konkurs za grafiku&#8221;&#8220;Bijenale suve igle&#8221;, U\u017eice2011&#8220;Sport, nauka, umetnost&#8221; poster designFestival &#8220;SVURF&#8221; poster design2010&#8220;Festival &#8220;SVURF&#8221; poster design \u017diriranje\/Jury: Deo tro\u010dlanog stru\u010dnog \u017eirija na manifestaciji &#8220;Portret godine&#8221; u \u010ca\u010dku 2021. \/ Was a juror at the first iteration of &#8220;Portret godine&#8221; manifestation at \u010ca\u010dak in 2021. Nagrade\/Awards: Nagrada za crte\u017e\/ Award for the best drawing &#8220;Miodrag Vuja\u010di\u0107 Mirski&#8221; 2014.Nagrada za re\u0161enje plakata\/ Award for the best poster design &#8220;Sport, nauka, umetnost&#8221; 2011.Nagrada za re\u0161enje plakata\/ Award for the best poster design &#8220;SVURF&#8221; 2011. , 2010. Ostale aktivnosti \/ Other activities: &#8211; Mu\u017e, tata jednom de\u010daku, entuzijasta za ve\u017ebanje, nesu\u0111eni botani\u010dar \/ Husband, dad, training enthusiast, botanist in training -Dr\u017ei pripreme za umetni\u010dke fakultete i srednje \u0161kole, kao i \u0161kolu hobi slikarstvu u @kosiatelje \/ He teaches drawing and painting in his studio @kosiatelje -Bio je \u010dlan umetni\u010dkog udru\u017eenja Kvaka 22, koje se bavi stvaranjem i promocijom kulture u Beogradu, Srbiji. \/Ex member of the art group &#8220;Kvaka 22&#8221; \/ &#8220;Catch 22&#8221;, which deals with promoting as well as creating art, and cultural activities in Belgrade, Serbia.<\/p>\n","protected":false},"author":1,"featured_media":0,"parent":0,"menu_order":0,"comment_status":"closed","ping_status":"closed","template":"","meta":{"spay_email":""},"jetpack_sharing_enabled":true,"jetpack_shortlink":"https:\/\/wp.me\/P9t1kB-8e","_links":{"self":[{"href":"https:\/\/nikolakosic.com\/index.php?rest_route=\/wp\/v2\/pages\/510"}],"collection":[{"href":"https:\/\/nikolakosic.com\/index.php?rest_route=\/wp\/v2\/pages"}],"about":[{"href":"https:\/\/nikolakosic.com\/index.php?rest_route=\/wp\/v2\/types\/page"}],"author":[{"embeddable":true,"href":"https:\/\/nikolakosic.com\/index.php?rest_route=\/wp\/v2\/users\/1"}],"replies":[{"embeddable":true,"href":"https:\/\/nikolakosic.com\/index.php?rest_route=%2Fwp%2Fv2%2Fcomments&post=510"}],"version-history":[{"count":22,"href":"https:\/\/nikolakosic.com\/index.php?rest_route=\/wp\/v2\/pages\/510\/revisions"}],"predecessor-version":[{"id":736,"href":"https:\/\/nikolakosic.com\/index.php?rest_route=\/wp\/v2\/pages\/510\/revisions\/736"}],"wp:attachment":[{"href":"https:\/\/nikolakosic.com\/index.php?rest_route=%2Fwp%2Fv2%2Fmedia&parent=510"}],"curies":[{"name":"wp","href":"https:\/\/api.w.org\/{rel}","templated":true}]}}